{"id":205,"date":"2020-04-06T19:28:25","date_gmt":"2020-04-06T17:28:25","guid":{"rendered":"http:\/\/adaparentis.com\/?page_id=205"},"modified":"2020-04-27T17:06:26","modified_gmt":"2020-04-27T15:06:26","slug":"galerie","status":"publish","type":"page","link":"https:\/\/adaparentis.com\/?page_id=205","title":{"rendered":"Vid\u00e9os"},"content":{"rendered":"\n<h2 class=\"wp-block-heading\"><strong>Mars 2020<\/strong><\/h2>\n\n\n\n<h4 class=\"wp-block-heading\">Novillos de Barcial<\/h4>\n\n\n\n<figure><iframe loading=\"lazy\" src=\"https:\/\/www.youtube.com\/embed\/XXwn91Y8b18\" allowfullscreen=\"\" width=\"560\" height=\"315\"><\/iframe><\/figure>\n\n\n\n<h4 class=\"wp-block-heading\">Novillos de Pe\u00f1as Blancas<\/h4>\n\n\n\n<figure><iframe loading=\"lazy\" src=\"https:\/\/www.youtube.com\/embed\/xH-9VsCDvoA\" allowfullscreen=\"\" width=\"560\" height=\"315\"><\/iframe><\/figure>\n\n\n\n<h4 class=\"wp-block-heading\">Novillos de Raso de Portillo<\/h4>\n\n\n\n<div class=\"wp-block-group\"><div class=\"wp-block-group__inner-container is-layout-flow wp-block-group-is-layout-flow\">\n<figure><iframe loading=\"lazy\" src=\"https:\/\/www.youtube.com\/embed\/vDXLwyr9cog\" allowfullscreen=\"\" width=\"560\" height=\"315\"><\/iframe><\/figure>\n<\/div><\/div>\n\n\n\n<h2 class=\"wp-block-heading\"><strong>D\u00e9cembre 2019<\/strong><\/h2>\n\n\n\n<h4 class=\"wp-block-heading\">Novillos de Raso de Portillo<\/h4>\n\n\n\n<figure><iframe loading=\"lazy\" src=\"https:\/\/www.youtube.com\/embed\/j-_CKv8Q4c4\" allowfullscreen=\"\" width=\"560\" height=\"315\"><\/iframe><\/figure>\n\n\n\n<h4 class=\"wp-block-heading\">Novillos de Pio Tabernero<\/h4>\n\n\n\n<figure><iframe loading=\"lazy\" src=\"https:\/\/www.youtube.com\/embed\/W6N2fmZB878\" allowfullscreen=\"\" width=\"560\" height=\"315\"><\/iframe><\/figure>\n\n\n\n<h4 class=\"wp-block-heading\">Novillos de Pe\u00f1as Blancas<\/h4>\n\n\n\n<figure><iframe loading=\"lazy\" src=\"https:\/\/www.youtube.com\/embed\/LBCurKRuo6o\" allowfullscreen=\"\" width=\"560\" height=\"315\"><\/iframe><\/figure>\n\n\n\n<p><\/p>\n","protected":false},"excerpt":{"rendered":"<p>Mars 2020 Novillos de Barcial Novillos de Pe\u00f1as Blancas Novillos de Raso de Portillo D\u00e9cembre 2019 Novillos de Raso de Portillo Novillos de Pio Tabernero Novillos de Pe\u00f1as Blancas<\/p>\n","protected":false},"author":1,"featured_media":0,"parent":0,"menu_order":3,"comment_status":"closed","ping_status":"closed","template":"","meta":{"footnotes":""},"class_list":["post-205","page","type-page","status-publish","hentry","without-featured-image"],"_links":{"self":[{"href":"https:\/\/adaparentis.com\/index.php?rest_route=\/wp\/v2\/pages\/205","targetHints":{"allow":["GET"]}}],"collection":[{"href":"https:\/\/adaparentis.com\/index.php?rest_route=\/wp\/v2\/pages"}],"about":[{"href":"https:\/\/adaparentis.com\/index.php?rest_route=\/wp\/v2\/types\/page"}],"author":[{"embeddable":true,"href":"https:\/\/adaparentis.com\/index.php?rest_route=\/wp\/v2\/users\/1"}],"replies":[{"embeddable":true,"href":"https:\/\/adaparentis.com\/index.php?rest_route=%2Fwp%2Fv2%2Fcomments&post=205"}],"version-history":[{"count":18,"href":"https:\/\/adaparentis.com\/index.php?rest_route=\/wp\/v2\/pages\/205\/revisions"}],"predecessor-version":[{"id":447,"href":"https:\/\/adaparentis.com\/index.php?rest_route=\/wp\/v2\/pages\/205\/revisions\/447"}],"wp:attachment":[{"href":"https:\/\/adaparentis.com\/index.php?rest_route=%2Fwp%2Fv2%2Fmedia&parent=205"}],"curies":[{"name":"wp","href":"https:\/\/api.w.org\/{rel}","templated":true}]}}