{"id":20,"date":"2020-03-29T18:56:28","date_gmt":"2020-03-29T16:56:28","guid":{"rendered":"http:\/\/adaparentis.com\/?page_id=20"},"modified":"2020-04-06T19:25:58","modified_gmt":"2020-04-06T17:25:58","slug":"lhistorique","status":"publish","type":"page","link":"https:\/\/adaparentis.com\/?page_id=20","title":{"rendered":"L&rsquo;historique"},"content":{"rendered":"\n<h2 class=\"wp-block-heading\"><strong>L\u2019histoire taurine de la Ville.<\/strong><\/h2>\n\n\n\n<div class=\"wp-block-media-text alignwide is-stacked-on-mobile\" style=\"grid-template-columns:31% auto\"><figure class=\"wp-block-media-text__media\"><a href=\"http:\/\/adaparentis.com\/wp-content\/uploads\/2020\/04\/affiche1919-1-scaled.jpg\"><img loading=\"lazy\" decoding=\"async\" width=\"410\" height=\"1024\" src=\"http:\/\/adaparentis.com\/wp-content\/uploads\/2020\/04\/affiche1919-1-410x1024.jpg\" alt=\"\" class=\"wp-image-109\" srcset=\"https:\/\/adaparentis.com\/wp-content\/uploads\/2020\/04\/affiche1919-1-410x1024.jpg 410w, https:\/\/adaparentis.com\/wp-content\/uploads\/2020\/04\/affiche1919-1-120x300.jpg 120w, https:\/\/adaparentis.com\/wp-content\/uploads\/2020\/04\/affiche1919-1-768x1917.jpg 768w, https:\/\/adaparentis.com\/wp-content\/uploads\/2020\/04\/affiche1919-1-615x1536.jpg 615w, https:\/\/adaparentis.com\/wp-content\/uploads\/2020\/04\/affiche1919-1-820x2048.jpg 820w, https:\/\/adaparentis.com\/wp-content\/uploads\/2020\/04\/affiche1919-1-scaled.jpg 1025w\" sizes=\"auto, (max-width: 410px) 100vw, 410px\" \/><\/a><\/figure><div class=\"wp-block-media-text__content\">\n<p class=\"has-drop-cap has-normal-font-size\">Apr\u00e8s quelques recherches, nous trouvons trace de tauromachie espagnole \u00e0 Parentis en Born d\u00e8s les 28 et 29 Septembre 1919 avec les 2 premi\u00e8res \u00ab courses hispano Proven\u00e7ales \u00bb ou s\u2019illustre Pierre Pouly dit POULY III.&nbsp;<\/p>\n\n\n\n<p>Le Dimanche 2 Septembre 1923, 4 toros de Manuel Santos d\u00e9boulent en piste et sont estoqu\u00e9s par le torero \u00ab El Chispa \u00bb.&nbsp;<\/p>\n\n\n\n<p>Le lendemain de cette \u00ab course espagnole \u00bb, on d\u00e9couvre qu\u2019une Course landaise s\u2019est donn\u00e9e avec la pr\u00e9sence de novillos \u00abmachos\u00bb de la ganaderia de M Darrieulat de Clermont.&nbsp;<\/p>\n\n\n\n<p>Au fil des temps, on d\u00e9couvre que les ar\u00e8nes de Parentis peuvent se pr\u00e9valoir d\u2019une solide tradition \u00abtorista\u00bb.<\/p>\n<\/div><\/div>\n\n\n\n<h2 class=\"wp-block-heading\"><strong>L\u2019histoire des ar\u00e8nes.<\/strong><\/h2>\n\n\n\n<div class=\"wp-block-media-text alignwide has-media-on-the-right is-stacked-on-mobile is-vertically-aligned-center\" style=\"grid-template-columns:auto 35%\"><figure class=\"wp-block-media-text__media\"><img loading=\"lazy\" decoding=\"async\" width=\"1024\" height=\"683\" src=\"http:\/\/adaparentis.com\/wp-content\/uploads\/2020\/04\/arenes1-2-1.jpg\" alt=\"\" class=\"wp-image-112\" srcset=\"https:\/\/adaparentis.com\/wp-content\/uploads\/2020\/04\/arenes1-2-1.jpg 1024w, https:\/\/adaparentis.com\/wp-content\/uploads\/2020\/04\/arenes1-2-1-300x200.jpg 300w, https:\/\/adaparentis.com\/wp-content\/uploads\/2020\/04\/arenes1-2-1-768x512.jpg 768w\" sizes=\"auto, (max-width: 1024px) 100vw, 1024px\" \/><\/figure><div class=\"wp-block-media-text__content\">\n<p class=\"has-drop-cap\">En 2007, les Ar\u00e8nes Roland Portalier ont f\u00eat\u00e9 leurs 80 ans d\u2019existence.<\/p>\n\n\n\n<p>On les doit \u00e0 Roland Portalier, Maire de Parentis en Born de 1919 \u00e0 1944, Ganadero de Course Landaise et m\u00e9lomane averti puisqu\u2019en 1927 date de la construction des Ar\u00e8nes, il fit \u00e9difier \u00e9galement le kiosque \u00e0 Musique situ\u00e9 sur la Place de Gaulle.&nbsp;<\/p>\n\n\n\n<p>A l\u2019origine, les ar\u00e8nes existantes situ\u00e9es Place des Ecoles \u00e9taient en bois. Elles furent remplac\u00e9es par une ar\u00e8ne en dur d\u2019une capacit\u00e9 de 2800 places qui fut port\u00e9e \u00e0 4000 en 1964-1965 par le syndicat d\u2019initiative qui finan\u00e7a les travaux.&nbsp;<\/p>\n\n\n\n<p>De multiples anecdotes ont marqu\u00e9 la vie taurine de notre ville. Retrouvez les tout au long de cette pr\u00e9sentation et n\u2019h\u00e9sitez pas \u00e0 nous transmettre vos t\u00e9moignages ou souvenirs en nous \u00e9crivant \u00e0 : <a href=\"mailto:ada-parentis@orange.fr\">ada-parentis@orange.fr<\/a>.&nbsp;<\/p>\n\n\n\n<p>C\u2019est avec grand plaisir que nous enrichirons cette histoire dont l\u2019essentiel est retrac\u00e9 dans le livre \u00abla peur aux trousses\u00bb de notre ami Jean Pierre Fabaron, Chroniqueur \u00e0 \u00ab Toros \u00bb et grand sp\u00e9cialiste des toros portuguais.&nbsp;<\/p>\n<\/div><\/div>\n\n\n\n<div class=\"wp-block-group\"><div class=\"wp-block-group__inner-container is-layout-flow wp-block-group-is-layout-flow\">\n<div class=\"wp-block-group\"><div class=\"wp-block-group__inner-container is-layout-flow wp-block-group-is-layout-flow\">\n<div class=\"wp-block-image\"><figure class=\"aligncenter size-large\"><img loading=\"lazy\" decoding=\"async\" width=\"1024\" height=\"702\" src=\"http:\/\/adaparentis.com\/wp-content\/uploads\/2020\/04\/arenes2-1.jpg\" alt=\"\" class=\"wp-image-111\" srcset=\"https:\/\/adaparentis.com\/wp-content\/uploads\/2020\/04\/arenes2-1.jpg 1024w, https:\/\/adaparentis.com\/wp-content\/uploads\/2020\/04\/arenes2-1-300x206.jpg 300w, https:\/\/adaparentis.com\/wp-content\/uploads\/2020\/04\/arenes2-1-768x527.jpg 768w\" sizes=\"auto, (max-width: 1024px) 100vw, 1024px\" \/><\/figure><\/div>\n<\/div><\/div>\n<\/div><\/div>\n\n\n\n<p class=\"has-drop-cap has-normal-font-size\"><\/p>\n","protected":false},"excerpt":{"rendered":"<p>L\u2019histoire taurine de la Ville. Apr\u00e8s quelques recherches, nous trouvons trace de tauromachie espagnole \u00e0 Parentis en Born d\u00e8s les 28 et 29 Septembre 1919 avec les 2 premi\u00e8res \u00ab courses hispano Proven\u00e7ales \u00bb ou s\u2019illustre Pierre Pouly dit POULY III.&nbsp; Le Dimanche 2 Septembre 1923, 4 toros de Manuel Santos d\u00e9boulent en piste et&hellip; <a href=\"https:\/\/adaparentis.com\/?page_id=20\" class=\"more-link\">Lire la suite <span class=\"screen-reader-text\">L&rsquo;historique<\/span><\/a><\/p>\n","protected":false},"author":1,"featured_media":115,"parent":0,"menu_order":2,"comment_status":"closed","ping_status":"closed","template":"templates\/full-width-page.php","meta":{"footnotes":""},"class_list":["post-20","page","type-page","status-publish","has-post-thumbnail","hentry","with-featured-image"],"_links":{"self":[{"href":"https:\/\/adaparentis.com\/index.php?rest_route=\/wp\/v2\/pages\/20","targetHints":{"allow":["GET"]}}],"collection":[{"href":"https:\/\/adaparentis.com\/index.php?rest_route=\/wp\/v2\/pages"}],"about":[{"href":"https:\/\/adaparentis.com\/index.php?rest_route=\/wp\/v2\/types\/page"}],"author":[{"embeddable":true,"href":"https:\/\/adaparentis.com\/index.php?rest_route=\/wp\/v2\/users\/1"}],"replies":[{"embeddable":true,"href":"https:\/\/adaparentis.com\/index.php?rest_route=%2Fwp%2Fv2%2Fcomments&post=20"}],"version-history":[{"count":14,"href":"https:\/\/adaparentis.com\/index.php?rest_route=\/wp\/v2\/pages\/20\/revisions"}],"predecessor-version":[{"id":203,"href":"https:\/\/adaparentis.com\/index.php?rest_route=\/wp\/v2\/pages\/20\/revisions\/203"}],"wp:featuredmedia":[{"embeddable":true,"href":"https:\/\/adaparentis.com\/index.php?rest_route=\/wp\/v2\/media\/115"}],"wp:attachment":[{"href":"https:\/\/adaparentis.com\/index.php?rest_route=%2Fwp%2Fv2%2Fmedia&parent=20"}],"curies":[{"name":"wp","href":"https:\/\/api.w.org\/{rel}","templated":true}]}}