{"id":19,"date":"2020-03-29T18:56:28","date_gmt":"2020-03-29T16:56:28","guid":{"rendered":"http:\/\/adaparentis.com\/?page_id=19"},"modified":"2020-04-12T10:27:27","modified_gmt":"2020-04-12T08:27:27","slug":"lassociation","status":"publish","type":"page","link":"https:\/\/adaparentis.com\/?page_id=19","title":{"rendered":"L&rsquo;association"},"content":{"rendered":"\n<p align=\"justify\">L\u2019Association des Aficionados de Parentis en Born vient de f\u00eater ses 20 ans. Issue d\u2019une scission de l\u2019ANDA , elle a vu le jour le 17 Octobre 1989. Ses statuts \u00e0 connotation fortement \u00ab\u00a0torista\u00a0\u00bb ont pour but de d\u00e9fendre l&rsquo;int\u00e9grit\u00e9 du toro de combat et des principes de sa lidia et de faire appliquer le R\u00e8glement taurin de l&rsquo;UVTF.<\/p>\n\n\n\n<p align=\"justify\">D\u00e8s 1990 l&rsquo;ADA sera \u00e0 l&rsquo;origine de la constitution de la Commission Taurine Extra Municipale dans laquelle elle prendra une part importante. C\u2019est \u00e0 elle notamment que l\u2019on doit l\u2019arriv\u00e9e d\u2019Alain Lartigue en 1991 et la cr\u00e9ation de la feria de la Sen Bertomiu \u00e0 partir de 1996. La m\u00eame ann\u00e9e, elle rentre dans l&rsquo;organisation en assurant la Communication et la promotion de la Feria.<\/p>\n\n\n\n<p align=\"justify\">En 2005, elle constitue en son sein une association de 22 membres d\u00e9nomm\u00e9e ADA FERIA qui prend en charge la totalit\u00e9 de la feria et se porte garante du financement des corridas parentissoises.&nbsp;&nbsp;<\/p>\n\n\n\n<p align=\"justify\">C&rsquo;est le d\u00e9but de l&rsquo;aventure &#8230;&#8230;&#8230;&#8230;&#8230;&#8230;&#8230;&#8230;.&nbsp;<\/p>\n\n\n\n<p><\/p>\n","protected":false},"excerpt":{"rendered":"<p>L\u2019Association des Aficionados de Parentis en Born vient de f\u00eater ses 20 ans. Issue d\u2019une scission de l\u2019ANDA , elle a vu le jour le 17 Octobre 1989. Ses statuts \u00e0 connotation fortement \u00ab\u00a0torista\u00a0\u00bb ont pour but de d\u00e9fendre l&rsquo;int\u00e9grit\u00e9 du toro de combat et des principes de sa lidia et de faire appliquer le&hellip; <a href=\"https:\/\/adaparentis.com\/?page_id=19\" class=\"more-link\">Lire la suite <span class=\"screen-reader-text\">L&rsquo;association<\/span><\/a><\/p>\n","protected":false},"author":1,"featured_media":0,"parent":0,"menu_order":1,"comment_status":"closed","ping_status":"closed","template":"templates\/full-width-page.php","meta":{"footnotes":""},"class_list":["post-19","page","type-page","status-publish","hentry","without-featured-image"],"_links":{"self":[{"href":"https:\/\/adaparentis.com\/index.php?rest_route=\/wp\/v2\/pages\/19","targetHints":{"allow":["GET"]}}],"collection":[{"href":"https:\/\/adaparentis.com\/index.php?rest_route=\/wp\/v2\/pages"}],"about":[{"href":"https:\/\/adaparentis.com\/index.php?rest_route=\/wp\/v2\/types\/page"}],"author":[{"embeddable":true,"href":"https:\/\/adaparentis.com\/index.php?rest_route=\/wp\/v2\/users\/1"}],"replies":[{"embeddable":true,"href":"https:\/\/adaparentis.com\/index.php?rest_route=%2Fwp%2Fv2%2Fcomments&post=19"}],"version-history":[{"count":5,"href":"https:\/\/adaparentis.com\/index.php?rest_route=\/wp\/v2\/pages\/19\/revisions"}],"predecessor-version":[{"id":202,"href":"https:\/\/adaparentis.com\/index.php?rest_route=\/wp\/v2\/pages\/19\/revisions\/202"}],"wp:attachment":[{"href":"https:\/\/adaparentis.com\/index.php?rest_route=%2Fwp%2Fv2%2Fmedia&parent=19"}],"curies":[{"name":"wp","href":"https:\/\/api.w.org\/{rel}","templated":true}]}}