{"id":161,"date":"2020-04-06T18:56:56","date_gmt":"2020-04-06T16:56:56","guid":{"rendered":"http:\/\/adaparentis.com\/?page_id=161"},"modified":"2020-04-06T19:03:25","modified_gmt":"2020-04-06T17:03:25","slug":"de-2000-a-2009","status":"publish","type":"page","link":"https:\/\/adaparentis.com\/?page_id=161","title":{"rendered":"De 2000 \u00e0 2009"},"content":{"rendered":"\n<h2 class=\"wp-block-heading\">Le 5 Ao\u00fbt 2000&nbsp;:&nbsp;<\/h2>\n\n\n\n<blockquote class=\"wp-block-quote is-style-default is-layout-flow wp-block-quote-is-layout-flow\"><p>6 novillos de EL SIERRO de pr\u00e9sentation irr\u00e9prochable mais manquant de moteur pour JUAN JOSE GIRON (Salut Silence) JOSE MONTES (Oreille Oreille) RAUL MARTIN BURGOS \u00e0 cheval (vuelta vuelta). inauguration d\u2019un corral suppl\u00e9mentaire<\/p><\/blockquote>\n\n\n\n<h2 class=\"wp-block-heading\">Le 6 Ao\u00fbt 2000&nbsp;:&nbsp;<\/h2>\n\n\n\n<blockquote class=\"wp-block-quote is-style-default is-layout-flow wp-block-quote-is-layout-flow\"><p>6 novillos de ESCOLAR GIL mobiles et s\u00e9rieux . 12 piques. Un grand novillo le 4 \u00b0 qui fut remarquable&nbsp; pour GREGOIRE TAULERE (Vuelta Vuelta) FRAN MORENO (Silence Silence) DAVID BLASQUEZ (Oreille &nbsp;vuelta). Blessure de Juan Carlos Ruiz&nbsp;<\/p><\/blockquote>\n\n\n\n<h2 class=\"wp-block-heading\">Le 4 Ao\u00fbt 2001&nbsp;:&nbsp;<\/h2>\n\n\n\n<blockquote class=\"wp-block-quote is-style-default is-layout-flow wp-block-quote-is-layout-flow\"><p>Un lot de 6 novillos de PIO TABERNERO DE VILVIS bien pr\u00e9sent\u00e9s mais manquant d\u2019homog\u00e9n\u00e9it\u00e9 et de forces pour LEOPOLDO CASASOLA (Oreille Vuelta) PAULITA (Salut Oreille) JULIEN LESCARRET (Salut Oreille). Prix de l\u2019ADA non attribu\u00e9 Prix de la Pena Taurine d\u2019Arcachon \u00e0 la meilleure estocade \u00e0 PAULITA&nbsp;<\/p><\/blockquote>\n\n\n\n<h2 class=\"wp-block-heading\">Le 5 Ao\u00fbt 2001&nbsp;:&nbsp;<\/h2>\n\n\n\n<blockquote class=\"wp-block-quote is-style-default is-layout-flow wp-block-quote-is-layout-flow\"><p>Superbe lot de ESCOLAR GIL encast\u00e9 pour DAVID BLASQUEZ (Silence Silence) JAROCHO (Silence Vuelta) et VALENTIN RUIZ (Silence et Silence) Alerte \u00e0 la bombe et \u00e9vacuation au 2\u00b0 toro &#8211; Prix de l\u2019ADA non attribu\u00e9 &#8211; Prix de la Pena Taurine d\u2019Arcachon \u00e0 la meilleure estocade \u00e0 JAROCHO<\/p><\/blockquote>\n\n\n\n<h2 class=\"wp-block-heading\">Le 10 Ao\u00fbt 2002&nbsp;:&nbsp;<\/h2>\n\n\n\n<blockquote class=\"wp-block-quote is-style-default is-layout-flow wp-block-quote-is-layout-flow\"><p>Un lot de BARCIAL h\u00e9t\u00e9rog\u00e8ne qui a fournit des tercios de varas excellents pour JAROCHO (Vuelta Oreille) JORGE ARELLANO (Oreille Silence) LUIS RUBIAS (Silence Bronca) Vuelta al ruedo du 4\u00b0 novillo \u00ab&nbsp;Cornicorto&nbsp;\u00bb<\/p><\/blockquote>\n\n\n\n<h2 class=\"wp-block-heading\">Le 11 Ao\u00fbt 2002&nbsp;:&nbsp;<\/h2>\n\n\n\n<blockquote class=\"wp-block-quote is-style-default is-layout-flow wp-block-quote-is-layout-flow\"><p>Six novillos d\u2019origine VEGA VILLAR de JESUS TABERNERO HERNANDEZ magnifiques de pr\u00e9sentation mais d\u00e9cast\u00e9s pour LUIS GONZALEZ&nbsp; (Oreille) RAUL CANO (Silence et Silence) et REYES RAMON (Silence et Silence). Prix Desiertos. Estocade \u00e0 la serviette de Luis Gonzalez.<\/p><\/blockquote>\n\n\n\n<h2 class=\"wp-block-heading\">Le 9 Ao\u00fbt 2003&nbsp;:&nbsp;<\/h2>\n\n\n\n<blockquote class=\"wp-block-quote is-style-default is-layout-flow wp-block-quote-is-layout-flow\"><p>6 Novillos de PIO TABERNERO DE VILVIS d\u2019une extraordinaire pr\u00e9sentation \u00ab&nbsp;les cargos du born&nbsp;\u00bb selon Sud Ouest pour JAVIER SOLIS (Oreille et Silence) FERNANDO CRUZ (Silence et Salut) et LUIS BOLIVAR (2 Oreilles et 1 oreille). Vuelta du Picador Tulio Salgueiro au 1\u00b0. Prix de l\u2019ADA \u00e0 Tulio Salgueiro Grande apr\u00e8s midi de toros.<\/p><\/blockquote>\n\n\n\n<h2 class=\"wp-block-heading\">Le 10 Ao\u00fbt 2003:&nbsp;&nbsp;<\/h2>\n\n\n\n<blockquote class=\"wp-block-quote is-style-default is-layout-flow wp-block-quote-is-layout-flow\"><p>Un lot de CEBADA GAGO excellent, de grande qualit\u00e9 avec un superbe tercio de piques pour EL CIENTO (Silence Silence) JORGE ARELLANO (Salut Salut) ANTONIO CAMA (Silence Silence)Prix de l\u2019ADA \u00e0 Alvaro Rodriguez pour la pique au 5\u00b0 novillo. Prix de la Pena Taurine d\u2019Arcachon \u00e0 la meilleure estocade&nbsp;: desierto.&nbsp;<\/p><\/blockquote>\n\n\n\n<h2 class=\"wp-block-heading\">Le 7 Ao\u00fbt 2004&nbsp;:&nbsp;<\/h2>\n\n\n\n<blockquote class=\"wp-block-quote is-style-default is-layout-flow wp-block-quote-is-layout-flow\"><p>Six tigres cornus d\u2019ISAIAS Y TULIO VASQUEZ d\u00e9cevants pour JORGE ARELLANO (Silence Silence) JOSE CEJUDO GUEJARENO (Silence Silence) JUAN MIGUEL EL CARTUJANO (Silence Silence) Excellente Pr\u00e9sidence de Jos\u00e9 Antonio Hernandez Tabernilla (Ganadero de Hernandez Pla)&nbsp;<\/p><\/blockquote>\n\n\n\n<h2 class=\"wp-block-heading\">Le 8 Ao\u00fbt 2004&nbsp;:&nbsp;<\/h2>\n\n\n\n<blockquote class=\"wp-block-quote is-style-default is-layout-flow wp-block-quote-is-layout-flow\"><p>Un excellent encierro de PIO TABERNERO DE VILVIS tous applaudis \u00e0 l\u2019arrastre pour ALBERTO AGUILAR (Oreille Vuelta) PAUL ABADIA SERRANITO (Silence Silence) GABRIEL PICAZO (Salut Silence) Salut du Mayoral. Grande Novillada pour public ravi.<\/p><\/blockquote>\n\n\n\n<h2 class=\"wp-block-heading\">Le 6 Ao\u00fbt 2005&nbsp;:&nbsp;<\/h2>\n\n\n\n<blockquote class=\"wp-block-quote is-style-default is-layout-flow wp-block-quote-is-layout-flow\"><p>Un lot magnifique de Santa Coloma de PABLO MAYORAL avec 6 excellents novillos qui prirent 14 piques en venant de loin et en poussant pour ALBERTO AGUILAR (Silence Silence) ALEJANDRO TALAVANTE (Salut et blessure) SERGIO SERRANO (Oreille Oreille).Vuelta du Mayoral. Prix de l\u2019ADA \u00e0 Juan Carlos Sanchez de la cuadrilla d\u2019Albert Aguilar. Prix de l\u2019ANDA \u00e0 la meilleure Novillada en France.<\/p><\/blockquote>\n\n\n\n<h2 class=\"wp-block-heading\">Le 7 Ao\u00fbt 2005&nbsp;:&nbsp;<\/h2>\n\n\n\n<blockquote class=\"wp-block-quote is-style-default is-layout-flow wp-block-quote-is-layout-flow\"><p>Six novillos de TORRENUEVA d\u2019origine Cebada Gago encast\u00e9s pour RAFAEL RONQUILLO (Silence et Salut) DAVID MORA (Silence et Silence) PACO URENA (Vuelta et Silence)<\/p><\/blockquote>\n\n\n\n<h2 class=\"wp-block-heading\">Le 5 Ao\u00fbt 2006&nbsp;:&nbsp;<\/h2>\n\n\n\n<blockquote class=\"wp-block-quote is-style-default is-layout-flow wp-block-quote-is-layout-flow\"><p>Un lot de PILAR POBLACION bien arm\u00e9 d\u2019origine Santa Coloma , encast\u00e9s pour MEHDI SAVALLI (Silence Vuelta) JOSELITO ADAME (Silence Oreille) et EL SANTO (Salut Silence) Prix de l\u2019ADA \u00e0 Olivier Riboulet de la Cuadrilla d\u2019El Santo.<\/p><\/blockquote>\n\n\n\n<h2 class=\"wp-block-heading\">Le 6 Ao\u00fbt 2006&nbsp;:&nbsp;<\/h2>\n\n\n\n<blockquote class=\"wp-block-quote is-style-default is-layout-flow wp-block-quote-is-layout-flow\"><p>Un grand lot de ROBERT MARGE d\u2019origine Cebada Gago plein de caste avec une mention sp\u00e9ciale au 4\u00b0 novillo (de&nbsp; vuelta) pour EL JOSE (Silence Silence) IKER COBO (Silence Silence) et ANTONIO JOAO FERREIRA (Silence et Vuelta) Prix de l\u2019ADA \u00e0 Borja Munoz Munoz &nbsp;bless\u00e9 sous son cheval&nbsp; au 6\u00b0 qui sera \u00e9vacu\u00e9 sur l\u2019H\u00f4pital de La Teste de Buch.<\/p><\/blockquote>\n\n\n\n<h2 class=\"wp-block-heading\">Le 4 Ao\u00fbt 2007&nbsp;:&nbsp;<\/h2>\n\n\n\n<blockquote class=\"wp-block-quote is-style-default is-layout-flow wp-block-quote-is-layout-flow\"><p>Six pupilles de Robert MARGE h\u00e9t\u00e9rog\u00e8nes d\u2019origine et de pr\u00e9sentation mais tous astifinos pour Joselito ADAME ( Oreille -Applaudissements ), Antonio Jo\u00e3o FERREIRA ( Oreille-Silence ) et Jos\u00e9 Ramon Garcia CHECHU ( Silence-Silence ).Prix \u00e0 la meilleure pique attribu\u00e9e \u00e0 Marc Reynaud.<\/p><\/blockquote>\n\n\n\n<h2 class=\"wp-block-heading\">Le 5 Ao\u00fbt 2007&nbsp;:&nbsp;<\/h2>\n\n\n\n<blockquote class=\"wp-block-quote is-style-default is-layout-flow wp-block-quote-is-layout-flow\"><p>Grande tarde de toros avec tr\u00e8s belle novillada de RASO de PORTILLO \u00ab&nbsp;avec des novillos superbes aux jarrets solides justifiant de lidias v\u00e9ritables,br\u00e8ves et intenses selon le journal \u00ab&nbsp;Toros&nbsp;\u00bb pour Pedro CARRERO ( Silence-Silence-Silence ) Julien Dusseing EL SANTO( Blessure )et Alberto LAMELAS ( Silence Oreille Vuelta ). Prix de l\u2019ADA \u00e0 la meilleure pique attribu\u00e9e \u00e0 Jorge MARTINEZ et prime suppl\u00e9mentaire r\u00e9compensant l\u2019entrega d\u2019Alberto LAMELAS.<\/p><p>Julien Dusseing EL SANTO est bless\u00e9 \u00e0 son premier novillo ( 20 cm ) et h\u00e9liport\u00e9 sur l\u2019Hopital Pellegrin \u00e0 Bordeaux qu\u2019il quittera le Jeudi 9 Ao\u00fbt pour reprendre l\u2019\u00e9p\u00e9e&nbsp;!!!!<\/p><\/blockquote>\n\n\n\n<h2 class=\"wp-block-heading\">Le 9 Ao\u00fbt 2008&nbsp;:&nbsp;<\/h2>\n\n\n\n<blockquote class=\"wp-block-quote is-style-default is-layout-flow wp-block-quote-is-layout-flow\"><p><br>Un lot de Pablo Mayoral qui laissera sur leur faim les aficionados parentissois. Faibles et manquant de caste, ils ne rappelleront en rien leurs c\u00e9l\u00e8bres a\u00een\u00e9s de 2005. A noter tout de m\u00eame que le lot retenu initialement fut totalement d\u00e9cim\u00e9 au campo et que l\u2019on eu recours \u00e0 14 novillos pour en avoir 6. Alberto LAMELAS (Silence &#8211; Vuelta ), Francisco PAJARES (Silence \u2013 Avis et Silence) Juan Luis Rodriguez ( Avis et Silence\u2013 Oreille).<br>Le novillero mexicain&nbsp; EL PAYO&nbsp; bless\u00e9 la semaine pr\u00e9c\u00e9dente fut remplac\u00e9 par Francisco PAJARES&nbsp;<br>Ev\u00e8nement marquant qui aurait pu \u00eatre tragique, l\u2019alguazil Robert Soldeville fut renvers\u00e9 par le train d\u2019arrastre au 6\u00b0 toro. Une grosse frayeur qui heureusement s\u2019est bien termin\u00e9e pour celui qui faisait sa despedida \u00e0 Parentis.<\/p><\/blockquote>\n\n\n\n<h2 class=\"wp-block-heading\">Le 10 Ao\u00fbt 2008&nbsp;:&nbsp;<\/h2>\n\n\n\n<blockquote class=\"wp-block-quote is-style-default is-layout-flow wp-block-quote-is-layout-flow\"><p>\u00ab\u00a06 piqueros 6 pour 6 grands novillos 6\u00a0\u00bb tel fut le titre de la revue Toros. Tr\u00e8s Grande tarde de toros avec une imposante\u00a0 novillada de RASO de PORTILLO qui va prendre 17 piques . Vuelta posthume pour le 4\u00b0 de l\u2019apr\u00e8s midi.<br>Alberto LAMELAS ( Silence -Silence\u00a0 ), Jos\u00e9 Carlos VENEGAS ( Sifflets et Silence ) et Carlos GUZMAN(Avis et Silence &#8211; Avis et Silence )<br>\u00a0Une apr\u00e8s midi qui marque dans la vie d\u2019un aficionado. Un Alberto LAMELAS torero au courage exceptionnel et une r\u00e9v\u00e9lation le jeune Carlos GUZMAN<br>\u00a0Le Prix de l\u2019ADA \u00e0 la meilleure pique fut doubl\u00e9 et attribu\u00e9 aux six picadors qui sortirent sous les acclamations r\u00e9compensant leurs remarquables prestations.<br>Alberto LAMELAS bless\u00e9 \u00e0 son second novillo ( cornada dans le mollet ) fut \u00e9vacu\u00e9 sur l\u2019hopital de La Teste qu\u2019il quitta\u2026\u2026\u2026le lendemain matin\u00a0!!!!<br>Une pol\u00e9mique qui dura toute la temporada\u00a0 se r\u00e9pandit dans la presse et sur internet pour savoir si les toros avaient un comportement de braves ou de violents ( sic\u00a0!! )<\/p><\/blockquote>\n\n\n\n<h2 class=\"wp-block-heading\">Le 8 Ao\u00fbt 2009 :&nbsp;<\/h2>\n\n\n\n<blockquote class=\"wp-block-quote is-style-default is-layout-flow wp-block-quote-is-layout-flow\"><p>20\u00b0 anniversaire de l\u2019ADA avec l\u2019organisation d\u2019une novillada Concours qui verra d\u00e9filer des exemplaires de Partido de resina( ex Pablo Romero ), Prieto de la Cal, Guardiola Fantoni, Moreno de Silva, Alonso Moreno et Sanchez Arjona. Une apr\u00e8s midi au cours de laquelle se distingueront plus particuli\u00e8rement le Partido de Resina et le Moreno de Silva. Le Guardiola sera difficile ainsi que l\u2019Alonso Moreno. Le Prieto de la Cal ne pourra \u00eatre jug\u00e9 compte tenu du traitement dont il fut l\u2019objet. L\u2019exemplaire de Sanchez Arjona sera bon pour le torero. On d\u00e9nombrera 22 rencontres au cheval. Daniel MARTIN (Applaudissements \u2013 2 Avis et silence ), Julian SIMON ( Silence \u2013 Avis et Silence ) Francisco PAJARES (Vuelta \u2013 Avis et Salut). Le prix au meilleur novillo sera attribu\u00e9 au MORENO DE SILVA et le prix au meilleur picador \u00e0 M A HERRERO. Prix \u00e0 la meilleure mise en suerte Francisco PAJARES<\/p><\/blockquote>\n\n\n\n<h2 class=\"wp-block-heading\">Le 9 Ao\u00fbt 2009 :&nbsp;&nbsp;<\/h2>\n\n\n\n<blockquote class=\"wp-block-quote is-style-default is-layout-flow wp-block-quote-is-layout-flow\"><p>Terrible d\u00e9sillusion pour les aficionados et les membres de l\u2019ADA. Une journ\u00e9e \u00e0 oublier, marqu\u00e9e par la pluie qui s\u2019est arr\u00eat\u00e9e juste avant le paseo, et un lot de Raso de Portillo m\u00e9connaissable en pr\u00e9sentation ( les 3 premiers ) et en comportement. La terna fut elle aussi au diapason. Carlos GUZMAN ( 2 avis et silence silence-bronca) Felix de CASTRO(silence) Santiago NARANJO ( vuelta \u2013 vuelta ). Prix au meilleur picador : desierto. Felix de Castro fut pris \u00e0 son second sans gravit\u00e9. A noter l\u2019expulsion d\u2019un cr\u00e9tin qui jeta une bouteille de Ricard depuis les gradins.<\/p><\/blockquote>\n","protected":false},"excerpt":{"rendered":"<p>Le 5 Ao\u00fbt 2000&nbsp;:&nbsp; 6 novillos de EL SIERRO de pr\u00e9sentation irr\u00e9prochable mais manquant de moteur pour JUAN JOSE GIRON (Salut Silence) JOSE MONTES (Oreille Oreille) RAUL MARTIN BURGOS \u00e0 cheval (vuelta vuelta). inauguration d\u2019un corral suppl\u00e9mentaire Le 6 Ao\u00fbt 2000&nbsp;:&nbsp; 6 novillos de ESCOLAR GIL mobiles et s\u00e9rieux . 12 piques. Un grand novillo&hellip; <a href=\"https:\/\/adaparentis.com\/?page_id=161\" class=\"more-link\">Lire la suite <span class=\"screen-reader-text\">De 2000 \u00e0 2009<\/span><\/a><\/p>\n","protected":false},"author":1,"featured_media":115,"parent":20,"menu_order":7,"comment_status":"closed","ping_status":"closed","template":"templates\/full-width-page.php","meta":{"footnotes":""},"class_list":["post-161","page","type-page","status-publish","has-post-thumbnail","hentry","with-featured-image"],"_links":{"self":[{"href":"https:\/\/adaparentis.com\/index.php?rest_route=\/wp\/v2\/pages\/161","targetHints":{"allow":["GET"]}}],"collection":[{"href":"https:\/\/adaparentis.com\/index.php?rest_route=\/wp\/v2\/pages"}],"about":[{"href":"https:\/\/adaparentis.com\/index.php?rest_route=\/wp\/v2\/types\/page"}],"author":[{"embeddable":true,"href":"https:\/\/adaparentis.com\/index.php?rest_route=\/wp\/v2\/users\/1"}],"replies":[{"embeddable":true,"href":"https:\/\/adaparentis.com\/index.php?rest_route=%2Fwp%2Fv2%2Fcomments&post=161"}],"version-history":[{"count":2,"href":"https:\/\/adaparentis.com\/index.php?rest_route=\/wp\/v2\/pages\/161\/revisions"}],"predecessor-version":[{"id":165,"href":"https:\/\/adaparentis.com\/index.php?rest_route=\/wp\/v2\/pages\/161\/revisions\/165"}],"up":[{"embeddable":true,"href":"https:\/\/adaparentis.com\/index.php?rest_route=\/wp\/v2\/pages\/20"}],"wp:featuredmedia":[{"embeddable":true,"href":"https:\/\/adaparentis.com\/index.php?rest_route=\/wp\/v2\/media\/115"}],"wp:attachment":[{"href":"https:\/\/adaparentis.com\/index.php?rest_route=%2Fwp%2Fv2%2Fmedia&parent=161"}],"curies":[{"name":"wp","href":"https:\/\/api.w.org\/{rel}","templated":true}]}}