{"id":157,"date":"2020-04-06T18:49:06","date_gmt":"2020-04-06T16:49:06","guid":{"rendered":"http:\/\/adaparentis.com\/?page_id=157"},"modified":"2020-04-06T18:51:13","modified_gmt":"2020-04-06T16:51:13","slug":"de-1990-a-1999","status":"publish","type":"page","link":"https:\/\/adaparentis.com\/?page_id=157","title":{"rendered":"De 1990 \u00e0 1999"},"content":{"rendered":"\n<h2 class=\"wp-block-heading\">Le 5 Ao\u00fbt 1990 :<\/h2>\n\n\n\n<blockquote class=\"wp-block-quote is-style-default is-layout-flow wp-block-quote-is-layout-flow\"><p>L\u2019union Torista Bordeaux Parentis organise pour la derni\u00e8re fois et choisit de faire venir un lot de ALICIO TABERNERO d\u2019origine vega villar. Sup\u00e9rieurement pr\u00e9sent\u00e9 ces mansos con casta ont plu aux aficionados. Face \u00e0 ce lot DOMINGO VALDERRAMA (vuelta) JUAN CARLOS BELMONTE (oreille oreille) et PEDRO CARRA<\/p><\/blockquote>\n\n\n\n<h2 class=\"wp-block-heading\">Le 7 Juillet 1991 :<\/h2>\n\n\n\n<blockquote class=\"wp-block-quote is-style-default is-layout-flow wp-block-quote-is-layout-flow\"><p>St\u00e9phane Fernandez Meca fait fonction d\u2019empresario et fait venir un lot de GRANIER terrifiants qu\u2019affrontent MARIANO JIMENEZ (vuelta) VICTORIANO GONZALEZ (oreille) et EL ANDUJANO (oreille)<\/p><\/blockquote>\n\n\n\n<h2 class=\"wp-block-heading\">Le 10 Ao\u00fbt 1991 :<\/h2>\n\n\n\n<blockquote class=\"wp-block-quote is-style-default is-layout-flow wp-block-quote-is-layout-flow\"><p>Ce sont les d\u00e9buts sur proposition de l\u2019association des Aficionados de Parentis en Born d\u2019un certain avocat bayonnais connu sous le nom de ALAIN LARTIGUE. Ce jour l\u00e0, il d\u00e9cide d\u2019acheter un lot de PRIETO DE LA CAL moins terrible que ces pr\u00e9d\u00e9cesseurs mais gardant tous la gueule ferm\u00e9e. JOSE MANUEL MARAVILLA (oreille) PEDRO CARRA et CONRADO MUNOZ ont eu une apr\u00e8s midi difficile.<\/p><\/blockquote>\n\n\n\n<h2 class=\"wp-block-heading\">Le 14 Juillet 1992 :<\/h2>\n\n\n\n<blockquote class=\"wp-block-quote is-style-default is-layout-flow wp-block-quote-is-layout-flow\"><p>A nouveau St\u00e9phane Fernandez Meca qui organise une corrida mixte de GRANIER avec 2 toros de SAN MARTIN. STEPHANE FERNANDEZ MECA (silence Salut) EL MILLIONARIO (oreille) MORENITO DE NIMES (silence silence)<\/p><\/blockquote>\n\n\n\n<h2 class=\"wp-block-heading\">Le 10 Ao\u00fbt 1992 :<\/h2>\n\n\n\n<blockquote class=\"wp-block-quote is-style-default is-layout-flow wp-block-quote-is-layout-flow\"><p>Alain Lartigue programme une novillada de DOLORES AGUIRRE qui en raison du d\u00e9luge est repouss\u00e9e au lendemain. De superbes novillos au moral m\u00e9diocre pour MANOLO ROMERO, JULIAN ZAMORA (oreille) et EL CALIFA. Les picadors g\u00e2ch\u00e8rent l\u2019apr\u00e8s midi.<\/p><\/blockquote>\n\n\n\n<h2 class=\"wp-block-heading\">Le 14 Juillet 1993 :<\/h2>\n\n\n\n<blockquote class=\"wp-block-quote is-style-default is-layout-flow wp-block-quote-is-layout-flow\"><p>Six novillos de SEPULVEDA brochos et in\u00e9gaux pour JUAN JOSE PADILLA (vuelta) ANDRES SANCHEZ (oreille ) et CANALES RIVERA (oreille). D\u00e9sormais les deux novilladas sont organis\u00e9es par Alain Lartigue.<\/p><\/blockquote>\n\n\n\n<h2 class=\"wp-block-heading\">Le 8 Ao\u00fbt 1993 :<\/h2>\n\n\n\n<blockquote class=\"wp-block-quote is-style-default is-layout-flow wp-block-quote-is-layout-flow\"><p>Un encierro magnifique de PASSANHA qui prirent 13 piques et furent excellents pour JOSE LUIS GONZALVES (vuelta vuelta) RODOLFO NUNEZ (vuelta bronca de gala) et DANIEL GRANADO (Double vuelta)<\/p><\/blockquote>\n\n\n\n<h2 class=\"wp-block-heading\">Le 14 Juillet 1994 :<\/h2>\n\n\n\n<blockquote class=\"wp-block-quote is-style-default is-layout-flow wp-block-quote-is-layout-flow\"><p>Une corrida de toros avec des cinquenos du CONDE DE MURCA mal pr\u00e9sent\u00e9s pour EMILIO SILVERA, RUI BENTO VASQUES (oreille),RAUL GALINDO (oreille)<\/p><\/blockquote>\n\n\n\n<h2 class=\"wp-block-heading\">Le 7 Ao\u00fbt 1994 :<\/h2>\n\n\n\n<blockquote class=\"wp-block-quote is-style-default is-layout-flow wp-block-quote-is-layout-flow\"><p>Un lot magnifique de EL SIERRO avec 4 excellents novillos, plusieurs chutes au cheval pour JOSE PEREZ VICTORIA, ALVARO OLIVER (salut vuelta)et ALVARO DE LA CALLE (oreille) Vuelta du Mayoral.avec des aficionados heureux !!!<\/p><\/blockquote>\n\n\n\n<h2 class=\"wp-block-heading\">Le 14 Juillet 1995 :<\/h2>\n\n\n\n<blockquote class=\"wp-block-quote is-style-default is-layout-flow wp-block-quote-is-layout-flow\"><p>Des novillos de JOSE LUIS PEREDA bons mais sans trapio pour JOAQUIN BUENDIA \u00e0 cheval (2 oreilles) JULIAN GUERRA,et ALBERTO MANUEL (oreille)<\/p><\/blockquote>\n\n\n\n<h2 class=\"wp-block-heading\">Le 6 Ao\u00fbt 1995 :<\/h2>\n\n\n\n<blockquote class=\"wp-block-quote is-style-default is-layout-flow wp-block-quote-is-layout-flow\"><p>Une nouveaut\u00e9 avec la venue d\u2019un \u00e9levage inconnu : RAMON FLORES d\u2019origine Atanasio et sup\u00e9rieurs de pr\u00e9sentation. CESAR MANRIQUE, MIGUEL ANGEL SANCHEZ et LUQUE MOYA. Une novillada compliqu\u00e9e pour l\u2019ensemble des cuadrillas.<\/p><\/blockquote>\n\n\n\n<h2 class=\"wp-block-heading\">Le 10 Ao\u00fbt 1996 :<\/h2>\n\n\n\n<blockquote class=\"wp-block-quote is-style-default is-layout-flow wp-block-quote-is-layout-flow\"><p>C\u2019est l\u2019ann\u00e9e ou l\u2019Association des Aficionados signe son entr\u00e9e dans l\u2019organisation au titre de la communication . C\u2019est aussi l\u2019ann\u00e9e de la cr\u00e9ation de la Feria de la Sen Bertomiu avec 2 novilladas au mois d\u2019Ao\u00fbt.Deux novillos du LAGET et quatre de FRANCISCO MADRAZO pour ANDY CARTAGENA (vuelta et 2 oreilles) ANTONIO FERRERA (oreille oreille) et DOMINGO LOPEZ CHAVEZ (oreille).<\/p><\/blockquote>\n\n\n\n<h2 class=\"wp-block-heading\">Le 11 Ao\u00fbt 1996 :<\/h2>\n\n\n\n<blockquote class=\"wp-block-quote is-style-default is-layout-flow wp-block-quote-is-layout-flow\"><p>Six magnifiques RAMON FLORES difficiles \u00e0 la muleta pour OSCAR GONZALEZ (oreille), ENRIQUE ESPINOSA EL CUATE (vuelta salut) et JULIO MONTES.<\/p><\/blockquote>\n\n\n\n<h2 class=\"wp-block-heading\">Le 9 Ao\u00fbt 1997 :<\/h2>\n\n\n\n<blockquote class=\"wp-block-quote is-style-default is-layout-flow wp-block-quote-is-layout-flow\"><p>Six superbes SIMAO MALTA pour ELENA GAYRAL et les forcados qui firent une double vuelta (1 bless\u00e9), MANUEL AMADOR et MORENITO D\u2019ARLES (oreille)<\/p><\/blockquote>\n\n\n\n<h2 class=\"wp-block-heading\">Le 10 Ao\u00fbt 1997 :<\/h2>\n\n\n\n<blockquote class=\"wp-block-quote is-style-default is-layout-flow wp-block-quote-is-layout-flow\"><p>Nouveau lot de RAMON FLORES pour EL RENCO qui fut excellent (oreille) OSCAR GONZALEZ (oreille) et JOAQUIN MULERO MULERITO.<br>La course fut marqu\u00e9e par un cheval qui est pass\u00e9 au travers de la barri\u00e8re pour continuer sa course dans le callejon.<\/p><\/blockquote>\n\n\n\n<h2 class=\"wp-block-heading\">Le 8 Ao\u00fbt 1998 :<\/h2>\n\n\n\n<blockquote class=\"wp-block-quote is-style-default is-layout-flow wp-block-quote-is-layout-flow\"><p>\u00ab Un lot de diables cornus \u00bb selon Tendido de MARIA DO CARMO QUINTA DA FOZ (ex Palha) pour une apr\u00e8s midi de toros toros pour JOSE LUIS CARMONA, MORENITO D\u2019ARLES qui fut bless\u00e9 et MARIO COELHO (2 oreilles) qui fut h\u00e9roique . Tr\u00e8s grosse pol\u00e9mique avec les cuadrillas fran\u00e7aises qui affirmaient qu\u2019il n\u2019y avait pas de m\u00e9decins alors que comme de coutume \u00e9taient pr\u00e9sents l\u2019\u00e9quipe chirurgicale de l\u2019H\u00f4pital de La Teste. La v\u00e9ritable raison \u00e9tait plut\u00f4t dans le s\u00e9rieux de la pr\u00e9sentation des novillos\u2026\u2026\u2026\u2026<\/p><\/blockquote>\n\n\n\n<h2 class=\"wp-block-heading\">Le 9 Ao\u00fbt 1998 :<\/h2>\n\n\n\n<blockquote class=\"wp-block-quote is-style-default is-layout-flow wp-block-quote-is-layout-flow\"><p>Six novillos de LA TORRE DE CUBILLOS second fer de Ramon Flores de belle pr\u00e9sentation mais d\u00e9cevants pour ANDY CARTAGENA (oreille) PEDRO JOSE PEREA et EL RENCO. Remise \u00e0 la Ville du Prix de l\u2019Association des Critiques Taurins du Sud Ouest pour 35 ans de politique toriste ininterrompue.<\/p><\/blockquote>\n\n\n\n<h2 class=\"wp-block-heading\">Le 7 Ao\u00fbt 1999 :<\/h2>\n\n\n\n<blockquote class=\"wp-block-quote is-style-default is-layout-flow wp-block-quote-is-layout-flow\"><p>Remarquable course des EL SIERRO malheureusement interrompue par l\u2019orage apr\u00e8s 3 novillos. ANDY CARTAGENA, GREGOIRE TAULERE (oreille) et FERNANDO ROBLENO (oreille). Une grande soir\u00e9e avec 3 novillos extraordinaires et remarquablement pr\u00e9sent\u00e9s.<\/p><\/blockquote>\n\n\n\n<h2 class=\"wp-block-heading\">Le 8 Ao\u00fbt 1999 :<\/h2>\n\n\n\n<blockquote class=\"wp-block-quote is-style-default is-layout-flow wp-block-quote-is-layout-flow\"><p>Du rififi dans les corrales avec un cocktail oblig\u00e9 de 3 JOSE CRUZ IRIBARREN d\u2019origine Barcial, 2 EL SIERRO sauv\u00e9s de la veille et 1 RAMON FLORES. Les El sierro m\u00e9connaissables dans leur comportement par rapport \u00e0 la veille. JOSE LUIS BARRERO, ALVARO GOMEZ, JOSE MONTES (oreille oreille).<\/p><\/blockquote>\n","protected":false},"excerpt":{"rendered":"<p>Le 5 Ao\u00fbt 1990 : L\u2019union Torista Bordeaux Parentis organise pour la derni\u00e8re fois et choisit de faire venir un lot de ALICIO TABERNERO d\u2019origine vega villar. Sup\u00e9rieurement pr\u00e9sent\u00e9 ces mansos con casta ont plu aux aficionados. Face \u00e0 ce lot DOMINGO VALDERRAMA (vuelta) JUAN CARLOS BELMONTE (oreille oreille) et PEDRO CARRA Le 7 Juillet&hellip; <a href=\"https:\/\/adaparentis.com\/?page_id=157\" class=\"more-link\">Lire la suite <span class=\"screen-reader-text\">De 1990 \u00e0 1999<\/span><\/a><\/p>\n","protected":false},"author":1,"featured_media":115,"parent":20,"menu_order":6,"comment_status":"closed","ping_status":"closed","template":"templates\/full-width-page.php","meta":{"footnotes":""},"class_list":["post-157","page","type-page","status-publish","has-post-thumbnail","hentry","with-featured-image"],"_links":{"self":[{"href":"https:\/\/adaparentis.com\/index.php?rest_route=\/wp\/v2\/pages\/157","targetHints":{"allow":["GET"]}}],"collection":[{"href":"https:\/\/adaparentis.com\/index.php?rest_route=\/wp\/v2\/pages"}],"about":[{"href":"https:\/\/adaparentis.com\/index.php?rest_route=\/wp\/v2\/types\/page"}],"author":[{"embeddable":true,"href":"https:\/\/adaparentis.com\/index.php?rest_route=\/wp\/v2\/users\/1"}],"replies":[{"embeddable":true,"href":"https:\/\/adaparentis.com\/index.php?rest_route=%2Fwp%2Fv2%2Fcomments&post=157"}],"version-history":[{"count":2,"href":"https:\/\/adaparentis.com\/index.php?rest_route=\/wp\/v2\/pages\/157\/revisions"}],"predecessor-version":[{"id":159,"href":"https:\/\/adaparentis.com\/index.php?rest_route=\/wp\/v2\/pages\/157\/revisions\/159"}],"up":[{"embeddable":true,"href":"https:\/\/adaparentis.com\/index.php?rest_route=\/wp\/v2\/pages\/20"}],"wp:featuredmedia":[{"embeddable":true,"href":"https:\/\/adaparentis.com\/index.php?rest_route=\/wp\/v2\/media\/115"}],"wp:attachment":[{"href":"https:\/\/adaparentis.com\/index.php?rest_route=%2Fwp%2Fv2%2Fmedia&parent=157"}],"curies":[{"name":"wp","href":"https:\/\/api.w.org\/{rel}","templated":true}]}}