{"id":141,"date":"2020-04-06T18:28:04","date_gmt":"2020-04-06T16:28:04","guid":{"rendered":"http:\/\/adaparentis.com\/?page_id=141"},"modified":"2020-04-06T18:40:04","modified_gmt":"2020-04-06T16:40:04","slug":"de-1971-a-1980","status":"publish","type":"page","link":"https:\/\/adaparentis.com\/?page_id=141","title":{"rendered":"De 1971 \u00e0 1980"},"content":{"rendered":"\n<h2 class=\"wp-block-heading\">Le 14 Juillet 1971&nbsp;:<\/h2>\n\n\n\n<blockquote class=\"wp-block-quote is-style-default is-layout-flow wp-block-quote-is-layout-flow\"><p align=\"justify\">Un lot de GARCIA BARROSO avec CURRO FUENTES, (2 oreilles) NINO DE LA CAPEA et JOSE LUIS GALLOSO. Le Nino de la Capea est d\u00e9cevant, Curro Fuentes corageux et Galloso tr\u00e8s f\u00eat\u00e9.&nbsp;<\/p><\/blockquote>\n\n\n\n<h2 class=\"wp-block-heading\">Le 8 Ao\u00fbt 1971&nbsp;:&nbsp;<\/h2>\n\n\n\n<blockquote class=\"wp-block-quote is-style-default is-layout-flow wp-block-quote-is-layout-flow\"><p align=\"justify\">De braves novillos du MARQUES D\u2019ALBASERRADA pour PEDRO SANCHEZ, CINCOVILLAS (3 oreilles), TOMAS MORENO (3 oreilles) et ANTONITA LINARES (Rejon)<\/p><\/blockquote>\n\n\n\n<h2 class=\"wp-block-heading\">Le 14 Juillet 1972&nbsp;:&nbsp;<\/h2>\n\n\n\n<blockquote class=\"wp-block-quote is-style-default is-layout-flow wp-block-quote-is-layout-flow\"><p align=\"justify\">Un nouveau lot du MARQUES D\u2019ALBASERRADA pour RAFAEL PONZO, (1 oreille) JOSE MARIA (1 oreille) et CURRILLO (4 oreilles).Currillo s\u2019emploie a tor\u00e9er les novillos mais aussi \u2026.le public&nbsp;!!!<\/p><\/blockquote>\n\n\n\n<h2 class=\"wp-block-heading\">Le 6 Ao\u00fbt 1972&nbsp;:&nbsp;<\/h2>\n\n\n\n<blockquote class=\"wp-block-quote is-style-default is-layout-flow wp-block-quote-is-layout-flow\"><p align=\"justify\">Les INFANTE DA CAMARA sont de retour bien arm\u00e9s avec des pattes d\u2019acier et poussant longuement sous le cheval. PACO NUNEZ est tr\u00e8s vert, TOMAS MORENO en baisse et EL ESTUDIANTE coupe 4 oreilles et une queue (vol\u00e9e par un&nbsp;p\u00e9on) ANTONITA LINARES \u00e0 cheval coupe 1 oreille.<\/p><\/blockquote>\n\n\n\n<h2 class=\"wp-block-heading\">Le 15 Juillet 1973&nbsp;:&nbsp;<\/h2>\n\n\n\n<blockquote class=\"wp-block-quote is-style-default is-layout-flow wp-block-quote-is-layout-flow\"><p align=\"justify\">De magnifiques novillos d\u2019ALBASERRADA&nbsp; bons, avec de la caste \u00e0 revendre pour EL ESTUDIANTE, (Vuelta et Oreille) CURRILLO et ANGEL MACHADO<\/p><\/blockquote>\n\n\n\n<h2 class=\"wp-block-heading\">Le 5 Ao\u00fbt 1973&nbsp;:<\/h2>\n\n\n\n<blockquote class=\"wp-block-quote is-style-default is-layout-flow wp-block-quote-is-layout-flow\"><p align=\"justify\">Un lot de VALENZUELA au souffle de marathonien couard et dangereux. Pour le cavalier MORENO DE SILVA, EL SANTI (Vuelta) ALVARO LAURIN (2 oreilles.)<\/p><\/blockquote>\n\n\n\n<h2 class=\"wp-block-heading\">Le 14 Juillet 1974&nbsp;:&nbsp;<\/h2>\n\n\n\n<blockquote class=\"wp-block-quote is-style-default is-layout-flow wp-block-quote-is-layout-flow\"><p align=\"justify\">De braves SANCHA de PENAFLOR dont le 5\u00b0 aurait m\u00e9rit\u00e9 la vuelta pour le mexicain ARMILLITA fils, RAFAEL GOMEZ RAFAELILLO qui \u00e9choue \u00e0 la mort et MARCOS ORTEGA quelconque.<\/p><\/blockquote>\n\n\n\n<h2 class=\"wp-block-heading\">Le 4 Ao\u00fbt 1974&nbsp;:&nbsp;<\/h2>\n\n\n\n<blockquote class=\"wp-block-quote is-style-default is-layout-flow wp-block-quote-is-layout-flow\"><p align=\"justify\">De nouveau un lot d\u2019ALBASERRADA s\u00e9rieux solide et bien arm\u00e9 pour le cavalier LUIS VALDENEBRO (1 oreille), JOSE LARA (1 Oreille Ovation), CURRO GONZALEZ (1 oreille)<\/p><\/blockquote>\n\n\n\n<h2 class=\"wp-block-heading\">Le 14 Juillet 1975&nbsp;:&nbsp;<\/h2>\n\n\n\n<blockquote class=\"wp-block-quote is-style-default is-layout-flow wp-block-quote-is-layout-flow\"><p align=\"justify\">Des JOSE DE LA COVA BENJUMEA nerveux et bravitos pour l\u2019attraction LUIS FRANCISCO ESPLA qui est excellent&nbsp; et coupe 2 oreilles, ANTONIO MACANDRO (1 oreille) et CARMEN DORADO \u00e0 Cheval.<\/p><\/blockquote>\n\n\n\n<h2 class=\"wp-block-heading\">Le 10 Ao\u00fbt 1975&nbsp;:&nbsp;<\/h2>\n\n\n\n<blockquote class=\"wp-block-quote is-style-default is-layout-flow wp-block-quote-is-layout-flow\"><p align=\"justify\">De nouveau ALBASERRADA avec un lot superbe r\u00e9compens\u00e9e par une vuelta al ruedo pour le mayoral pour JOSE LARA (2 oreilles), MANILI (2 oreilles) et PIRELA excellent banderillero.<\/p><\/blockquote>\n\n\n\n<h2 class=\"wp-block-heading\">Le 14 Juillet 1976&nbsp;:&nbsp;<\/h2>\n\n\n\n<blockquote class=\"wp-block-quote is-style-default is-layout-flow wp-block-quote-is-layout-flow\"><p align=\"justify\">Une novillada difficile de GARCIA FONSECA avec au Cartel CURRO LUQUE (Vuelta) ANTONIO ALFONSO MARTIN (Sifflets et Bronca) RAFAEL PIRELA (Vuelta&nbsp; 1 Oreille)<\/p><\/blockquote>\n\n\n\n<h2 class=\"wp-block-heading\">Le 8 Ao\u00fbt 1976&nbsp;:&nbsp;<\/h2>\n\n\n\n<blockquote class=\"wp-block-quote is-style-default is-layout-flow wp-block-quote-is-layout-flow\"><p align=\"justify\">Cinq Novillos de ENRIQUE GARDE et un de CAMACHO, les premiers difficiles pour OSCAR SILVA (2 oreilles) JUSTO BENITEZ (Vuelta et 2 oreilles) JESUS MARQUEZ (1 oreille)<\/p><\/blockquote>\n\n\n\n<h2 class=\"wp-block-heading\">Le 14 Juillet 1977&nbsp;:&nbsp;<\/h2>\n\n\n\n<blockquote class=\"wp-block-quote is-style-default is-layout-flow wp-block-quote-is-layout-flow\"><p align=\"justify\">De tr\u00e8s beaux GARCIA BARROSO bravitos et solides mais tardos pour LAZARO CARMONA (Salut 1 oreille) JOSE LUIS PALOMAR (Silence Vuelta) TOMAS CAMPUZANO (Vuelta Silence)<\/p><\/blockquote>\n\n\n\n<h2 class=\"wp-block-heading\">Le 7 Ao\u00fbt 1977&nbsp;:&nbsp;<\/h2>\n\n\n\n<blockquote class=\"wp-block-quote is-style-default is-layout-flow wp-block-quote-is-layout-flow\"><p align=\"justify\">De superbes JUAN VALDEMORO de demi caste avis\u00e9s et dangereux pour LUIS REINA (Silence 1 Oreille) PEPE LUIS VARGAS (Vuelta et Vuelta) JOSE LUIS ORTEGA (Silence 1 oreille)<\/p><\/blockquote>\n\n\n\n<h2 class=\"wp-block-heading\">Le 14 Juillet 1978&nbsp;:&nbsp;<\/h2>\n\n\n\n<blockquote class=\"wp-block-quote is-style-default is-layout-flow wp-block-quote-is-layout-flow\"><p align=\"justify\">Un lot tr\u00e8s s\u00e9rieux de ANTONIO ARRIBAS dont le 5\u00b0 supporta 6 piques pour MORENITO DE MARACAY qui fut bless\u00e9 au bas ventre , MARIO TRIANA (Silence et Silence) JOSE AGUILAR GRANADA (1 oreille)<\/p><\/blockquote>\n\n\n\n<h2 class=\"wp-block-heading\">Le 6 Ao\u00fbt 1978&nbsp;:&nbsp;;<\/h2>\n\n\n\n<blockquote class=\"wp-block-quote is-style-default is-layout-flow wp-block-quote-is-layout-flow\"><p align=\"justify\">Des novillos de GERARDO ORTEGA arr\u00eat\u00e9s pour la plupart pour CESAR PASTOR (1 oreille) ENRIQUE MANCIEL (1 oreille) CARLOS AVILA&nbsp;<\/p><\/blockquote>\n\n\n\n<h2 class=\"wp-block-heading\">Le 14 Juillet 1979:&nbsp;<\/h2>\n\n\n\n<blockquote class=\"wp-block-quote is-style-default is-layout-flow wp-block-quote-is-layout-flow\"><p align=\"justify\">Des novillos d\u00e9cast\u00e9s de CORTIJOLIVA pour GALLITO DE ZAFRA ARTURO VILLA VILLITA (oreille Vuelta)FELIPE GONZALEZ FELIPILLO (2 oreilles)<\/p><\/blockquote>\n\n\n\n<h2 class=\"wp-block-heading\">Le 14 Juillet 1980:&nbsp;<\/h2>\n\n\n\n<blockquote class=\"wp-block-quote is-style-default is-layout-flow wp-block-quote-is-layout-flow\"><p align=\"justify\">La premi\u00e8re corrida de toros organis\u00e9e \u00e0 Parentis par l\u2019empresario Manuel Garcia Creus. Six Toros de ORTEGA SANCHEZ&nbsp; in\u00e9gaux de poids et d\u2019armures pour DAMASO GONZALEZ , MANZANARES, NINO DE LA CAPEA. Un \u00e9chec financier avec un public clairsem\u00e9.<\/p><\/blockquote>\n\n\n\n<h2 class=\"wp-block-heading\">Le 10 Ao\u00fbt 1980&nbsp;:&nbsp;<\/h2>\n\n\n\n<blockquote class=\"wp-block-quote is-style-default is-layout-flow wp-block-quote-is-layout-flow\"><p align=\"justify\">La premi\u00e8re novillada concours \u00e0 Parentis avec des utreros de GABRIEL HERNANDEZ, ANTONIO PEREZ, MONTALVO, CARRASCOSA, PEREZ ANGOSO, MARTINEZ URANGA&nbsp; pour IGNACIO GARCIA (1 oreille), FERNANDO RIVERA (2 oreilles), MARIANO VILLAESCUSA (oreille). Tarde int\u00e9ressante et vari\u00e9e.<\/p><\/blockquote>\n","protected":false},"excerpt":{"rendered":"<p>Le 14 Juillet 1971&nbsp;: Un lot de GARCIA BARROSO avec CURRO FUENTES, (2 oreilles) NINO DE LA CAPEA et JOSE LUIS GALLOSO. Le Nino de la Capea est d\u00e9cevant, Curro Fuentes corageux et Galloso tr\u00e8s f\u00eat\u00e9.&nbsp; Le 8 Ao\u00fbt 1971&nbsp;:&nbsp; De braves novillos du MARQUES D\u2019ALBASERRADA pour PEDRO SANCHEZ, CINCOVILLAS (3 oreilles), TOMAS MORENO (3&hellip; <a href=\"https:\/\/adaparentis.com\/?page_id=141\" class=\"more-link\">Lire la suite <span class=\"screen-reader-text\">De 1971 \u00e0 1980<\/span><\/a><\/p>\n","protected":false},"author":1,"featured_media":115,"parent":20,"menu_order":4,"comment_status":"closed","ping_status":"closed","template":"templates\/full-width-page.php","meta":{"footnotes":""},"class_list":["post-141","page","type-page","status-publish","has-post-thumbnail","hentry","with-featured-image"],"_links":{"self":[{"href":"https:\/\/adaparentis.com\/index.php?rest_route=\/wp\/v2\/pages\/141","targetHints":{"allow":["GET"]}}],"collection":[{"href":"https:\/\/adaparentis.com\/index.php?rest_route=\/wp\/v2\/pages"}],"about":[{"href":"https:\/\/adaparentis.com\/index.php?rest_route=\/wp\/v2\/types\/page"}],"author":[{"embeddable":true,"href":"https:\/\/adaparentis.com\/index.php?rest_route=\/wp\/v2\/users\/1"}],"replies":[{"embeddable":true,"href":"https:\/\/adaparentis.com\/index.php?rest_route=%2Fwp%2Fv2%2Fcomments&post=141"}],"version-history":[{"count":6,"href":"https:\/\/adaparentis.com\/index.php?rest_route=\/wp\/v2\/pages\/141\/revisions"}],"predecessor-version":[{"id":149,"href":"https:\/\/adaparentis.com\/index.php?rest_route=\/wp\/v2\/pages\/141\/revisions\/149"}],"up":[{"embeddable":true,"href":"https:\/\/adaparentis.com\/index.php?rest_route=\/wp\/v2\/pages\/20"}],"wp:featuredmedia":[{"embeddable":true,"href":"https:\/\/adaparentis.com\/index.php?rest_route=\/wp\/v2\/media\/115"}],"wp:attachment":[{"href":"https:\/\/adaparentis.com\/index.php?rest_route=%2Fwp%2Fv2%2Fmedia&parent=141"}],"curies":[{"name":"wp","href":"https:\/\/api.w.org\/{rel}","templated":true}]}}