{"id":139,"date":"2020-04-06T18:25:32","date_gmt":"2020-04-06T16:25:32","guid":{"rendered":"http:\/\/adaparentis.com\/?page_id=139"},"modified":"2020-04-06T18:41:51","modified_gmt":"2020-04-06T16:41:51","slug":"de-1963-a-1970","status":"publish","type":"page","link":"https:\/\/adaparentis.com\/?page_id=139","title":{"rendered":"De 1963 \u00e0 1970"},"content":{"rendered":"\n<h2 class=\"wp-block-heading\">Le 7 Juillet 1963&nbsp;:&nbsp;<\/h2>\n\n\n\n<blockquote class=\"wp-block-quote is-style-default is-layout-flow wp-block-quote-is-layout-flow\"><p align=\"justify\">On fit appel aux novillos portugais de&nbsp; INFANTE DA CAMARA avec au cartel CURRO MONTENEGRO, JEREZANO, et LUGUILLANO. Seuls les deux derniers coup\u00e8rent des oreilles avant de sortir \u00ab&nbsp;\u00e0 hombros&nbsp;\u00bb avec le mayoral<\/p><\/blockquote>\n\n\n\n<h2 class=\"wp-block-heading\">Le 5 Juillet 1964\u00a0:\u00a0<\/h2>\n\n\n\n<blockquote class=\"wp-block-quote is-style-default is-layout-flow wp-block-quote-is-layout-flow\"><p align=\"justify\">Des novillos de INFANTE DA CAMARA lourds, charpent\u00e9s avec du morrillo poussant arc-bout\u00e9s sous la pique notamment le dernier qui prit 5 puyazos. Au cartel JOSE LUIS BARRERO (Vuelta 1 oreille), MIGUEL OROPESA&nbsp; (2 oreilles, 2 oreilles) CURRO LIMONES (1 oreille)<\/p><\/blockquote>\n\n\n\n<h2 class=\"wp-block-heading\">Le 2 Ao\u00fbt 1964:\u00a0<\/h2>\n\n\n\n<blockquote class=\"wp-block-quote is-style-default is-layout-flow wp-block-quote-is-layout-flow\"><p align=\"justify\">Novillos de ANA PENA avec JOSE LUIS BARRERO (1 Oreille), EL PURI (2 oreilles)et RAFAEL ASTOLA<\/p><\/blockquote>\n\n\n\n<h2 class=\"wp-block-heading\">Le 11 Juillet 1965:\u00a0<\/h2>\n\n\n\n<blockquote class=\"wp-block-quote is-style-default is-layout-flow wp-block-quote-is-layout-flow\"><p align=\"justify\">Des INFANTE DA CAMARA superbement pr\u00e9sent\u00e9s avec notamment 31 piques pour PACO PALLARES (2 oreilles) JOSE RAMON LAFUENTE (2 oreilles), PALOMO LINARES (4 oreilles et d\u00e9j\u00e0 la grande classe\u2026\u2026\u2026.)<\/p><\/blockquote>\n\n\n\n<h2 class=\"wp-block-heading\">Le 8 Ao\u00fbt 1965\u00a0:\u00a0<\/h2>\n\n\n\n<blockquote class=\"wp-block-quote is-style-default is-layout-flow wp-block-quote-is-layout-flow\"><p align=\"justify\">Novillos de VICTOR y MARIN dont le physique fut sup\u00e9rieur au moral pour FINITO (4 oreilles et 1 queue) CURRO LIMONES (Silence) et PEDRIN BENJUMEA (2 oreilles)<\/p><\/blockquote>\n\n\n\n<h2 class=\"wp-block-heading\">Le 14 Juillet 1966\u00a0:\u00a0<\/h2>\n\n\n\n<blockquote class=\"wp-block-quote is-style-default is-layout-flow wp-block-quote-is-layout-flow\"><p align=\"justify\">Une innovation avec l\u2019apport d\u2019un cavalier&nbsp; MORENO PIDAL (2 oreilles)&nbsp; et les novillos de ANTONIO CABRAL D\u2019ASUNCAO bien pr\u00e9sent\u00e9s,solides, du souffle \u00e0 revendre, gueule cousue jusqu\u2019\u00e0 la fin. A pied, PEDRIN BENJUMEA&nbsp; (3 oreilles) et GREGORIO LALANDA (2 oreilles)<\/p><\/blockquote>\n\n\n\n<h2 class=\"wp-block-heading\">Le 7 Ao\u00fbt 1966\u00a0:\u00a0<\/h2>\n\n\n\n<blockquote class=\"wp-block-quote is-style-default is-layout-flow wp-block-quote-is-layout-flow\"><p align=\"justify\">Des novillos de INFANTE DA CAMARA lourds et tr\u00e8s arm\u00e9s mais dangereux pour GABRIEL DE LA CASA, (1 oreille)&nbsp;&nbsp; RAFAEL ROCA, (3 oreilles)&nbsp; FERNANDO TORTOSA (2 oreilles)<\/p><\/blockquote>\n\n\n\n<h2 class=\"wp-block-heading\">Le 14 Juillet 1967\u00a0:\u00a0\u00a0<\/h2>\n\n\n\n<blockquote class=\"wp-block-quote is-style-default is-layout-flow wp-block-quote-is-layout-flow\"><p align=\"justify\">Du b\u00e9tail tr\u00e8s s\u00e9rieux de PALHA pour le colombien PEPE CACERES (2 oreilles) MIGUELIN&nbsp; et JOSE LUIS BARRERO (2 oreilles). A noter l\u2019absence de ANGEL TERUEL victime d\u2019une crise d\u2019\u00e9r\u00e9sip\u00e8le due\u2026 aux PALHA&nbsp;??????<\/p><\/blockquote>\n\n\n\n<h2 class=\"wp-block-heading\">Le 6 Ao\u00fbt 1967\u00a0:\u00a0<\/h2>\n\n\n\n<blockquote class=\"wp-block-quote is-style-default is-layout-flow wp-block-quote-is-layout-flow\"><p align=\"justify\">Des novillos de JULIO BORBA qui prirent 28 piques et occasionn\u00e8rent 4 chutes. A noter le second qui prit 5 piques et renversa 3 fois la cavalerie. Le moral \u00e9tait inversement proportionnel \u00e0 la bravoure. Chez les pi\u00e9tons PEPE LUIS SEGURA, FERNANDO TORTOSA&nbsp;, ENRIQUE MARIN qui ne r\u00e9colt\u00e8rent que le silence.<\/p><\/blockquote>\n\n\n\n<h2 class=\"wp-block-heading\">Le 4 Ao\u00fbt 1968\u00a0:\u00a0<\/h2>\n\n\n\n<blockquote class=\"wp-block-quote is-style-default is-layout-flow wp-block-quote-is-layout-flow\"><p align=\"justify\">Un lot de PALHA in\u00e9gal pour SANTIAGO LOPEZ, (3 oreilles et 1 queue) CALATRAVENO, (1 oreille)&nbsp;&nbsp; GREGORIO LALANDA (Vuelta et 1 oreille)&nbsp;&nbsp;<\/p><\/blockquote>\n\n\n\n<h2 class=\"wp-block-heading\">Le 14 Juillet 1969\u00a0:\u00a0<\/h2>\n\n\n\n<blockquote class=\"wp-block-quote is-style-default is-layout-flow wp-block-quote-is-layout-flow\"><p align=\"justify\">Des novillos de ESCUDERO DE CORTOS&nbsp; pour MANUEL VIDRIE (4 oreilles) JOSE LUIS PARADA (Vuelta) et CURRO ALCALDE (2 oreilles et Vuelta)<\/p><\/blockquote>\n\n\n\n<h2 class=\"wp-block-heading\">Le 4 Ao\u00fbt 1969\u00a0:\u00a0<\/h2>\n\n\n\n<blockquote class=\"wp-block-quote is-style-default is-layout-flow wp-block-quote-is-layout-flow\"><p align=\"justify\">Des Toros plut\u00f4t que des novillos de PALHA mais de demi-caste pour VICENTE LINARES (1 oreille) CURRO ALCALDE et CURRO VASQUEZ (2 oreilles)&nbsp; qui enchanta le public et la critique. Il re\u00e7u la Cape d\u2019Or et signa le livre d\u2019Or de la Ville<\/p><\/blockquote>\n\n\n\n<h2 class=\"wp-block-heading\">Le 14 Juillet 1970\u00a0:\u00a0<\/h2>\n\n\n\n<blockquote class=\"wp-block-quote is-style-default is-layout-flow wp-block-quote-is-layout-flow\"><p align=\"justify\">Des novillos de JOAQUIN GARCIA magnifiques de pr\u00e9sentation mais dangereux pour ANTONIO JOSE GALAN (2 oreilles) JOSE LUIS GALLOSO (2 oreilles) et le Rejoneador BOMBITA devant un toro de PACO PUERTA. A noter le num\u00e9ro de GALAN \u00e0 la mise \u00e0 mort ou il se jeta avec un mouchoir.&nbsp;<\/p><\/blockquote>\n\n\n\n<h2 class=\"wp-block-heading\">Le 9 Ao\u00fbt 1970\u00a0:\u00a0<\/h2>\n\n\n\n<blockquote class=\"wp-block-quote is-style-default is-layout-flow wp-block-quote-is-layout-flow\"><p align=\"justify\">Des novillos de GUARDIOLA SOTO et ONORATO JORDAN pour la d\u00e9couverte de JOSE MARIA MANZANARES (2 oreilles sortie \u00e0 hombros) URUENA (1 oreille et Vuelta) et ANTONIO ROJAS. La critique est divis\u00e9e concernant Manzanares&nbsp;: Pour la Revue Toros, il s\u2019agit d\u2019un novillero sautillant \u00e0 la cape,tor\u00e9ant de muleta sans courir la main,multipliant les passes de piton a piton et concluant par des \u00e9p\u00e9es basses ou de travers. Pour Maurice Darbins, il laisse deviner sa classe naissante, beaucoup de chic et d\u2019allure.<\/p><\/blockquote>\n","protected":false},"excerpt":{"rendered":"<p>Le 7 Juillet 1963&nbsp;:&nbsp; On fit appel aux novillos portugais de&nbsp; INFANTE DA CAMARA avec au cartel CURRO MONTENEGRO, JEREZANO, et LUGUILLANO. Seuls les deux derniers coup\u00e8rent des oreilles avant de sortir \u00ab&nbsp;\u00e0 hombros&nbsp;\u00bb avec le mayoral Le 5 Juillet 1964\u00a0:\u00a0 Des novillos de INFANTE DA CAMARA lourds, charpent\u00e9s avec du morrillo poussant arc-bout\u00e9s sous&hellip; <a href=\"https:\/\/adaparentis.com\/?page_id=139\" class=\"more-link\">Lire la suite <span class=\"screen-reader-text\">De 1963 \u00e0 1970<\/span><\/a><\/p>\n","protected":false},"author":1,"featured_media":115,"parent":20,"menu_order":3,"comment_status":"closed","ping_status":"closed","template":"","meta":{"footnotes":""},"class_list":["post-139","page","type-page","status-publish","has-post-thumbnail","hentry","with-featured-image"],"_links":{"self":[{"href":"https:\/\/adaparentis.com\/index.php?rest_route=\/wp\/v2\/pages\/139","targetHints":{"allow":["GET"]}}],"collection":[{"href":"https:\/\/adaparentis.com\/index.php?rest_route=\/wp\/v2\/pages"}],"about":[{"href":"https:\/\/adaparentis.com\/index.php?rest_route=\/wp\/v2\/types\/page"}],"author":[{"embeddable":true,"href":"https:\/\/adaparentis.com\/index.php?rest_route=\/wp\/v2\/users\/1"}],"replies":[{"embeddable":true,"href":"https:\/\/adaparentis.com\/index.php?rest_route=%2Fwp%2Fv2%2Fcomments&post=139"}],"version-history":[{"count":4,"href":"https:\/\/adaparentis.com\/index.php?rest_route=\/wp\/v2\/pages\/139\/revisions"}],"predecessor-version":[{"id":151,"href":"https:\/\/adaparentis.com\/index.php?rest_route=\/wp\/v2\/pages\/139\/revisions\/151"}],"up":[{"embeddable":true,"href":"https:\/\/adaparentis.com\/index.php?rest_route=\/wp\/v2\/pages\/20"}],"wp:featuredmedia":[{"embeddable":true,"href":"https:\/\/adaparentis.com\/index.php?rest_route=\/wp\/v2\/media\/115"}],"wp:attachment":[{"href":"https:\/\/adaparentis.com\/index.php?rest_route=%2Fwp%2Fv2%2Fmedia&parent=139"}],"curies":[{"name":"wp","href":"https:\/\/api.w.org\/{rel}","templated":true}]}}