{"id":131,"date":"2020-04-06T18:12:05","date_gmt":"2020-04-06T16:12:05","guid":{"rendered":"http:\/\/adaparentis.com\/?page_id=131"},"modified":"2020-04-06T18:37:56","modified_gmt":"2020-04-06T16:37:56","slug":"de-1929-a-1935","status":"publish","type":"page","link":"https:\/\/adaparentis.com\/?page_id=131","title":{"rendered":"De 1929 \u00e0 1935"},"content":{"rendered":"\n<h2 class=\"wp-block-heading\">Le 26 Ao\u00fbt 1935&nbsp;:<\/h2>\n\n\n\n<blockquote class=\"wp-block-quote is-style-default is-layout-flow wp-block-quote-is-layout-flow\"><p>Festival Taurin au profit des \u0153uvres de bienfaisance de la commune . Ce jour l\u00e0 d\u00e9fil\u00e8rent \u00e0 Parentis \u00ab&nbsp;ARMILLITA&nbsp;\u00bb, DOMINGO ORTEGA, ALFREDO CORROCHANO, CURRO CARO. Les novillos de ALIPIO PEREZ furent braves et nobles pour les 1\u00b0 et 4\u00b0 ce qui servit ARMILLITA qui fut tr\u00e8s f\u00eat\u00e9 apr\u00e8s une excellente faena.<\/p><\/blockquote>\n","protected":false},"excerpt":{"rendered":"<p>Le 26 Ao\u00fbt 1935&nbsp;: Festival Taurin au profit des \u0153uvres de bienfaisance de la commune . Ce jour l\u00e0 d\u00e9fil\u00e8rent \u00e0 Parentis \u00ab&nbsp;ARMILLITA&nbsp;\u00bb, DOMINGO ORTEGA, ALFREDO CORROCHANO, CURRO CARO. Les novillos de ALIPIO PEREZ furent braves et nobles pour les 1\u00b0 et 4\u00b0 ce qui servit ARMILLITA qui fut tr\u00e8s f\u00eat\u00e9 apr\u00e8s une excellente faena.<\/p>\n","protected":false},"author":1,"featured_media":115,"parent":20,"menu_order":1,"comment_status":"closed","ping_status":"closed","template":"templates\/full-width-page.php","meta":{"footnotes":""},"class_list":["post-131","page","type-page","status-publish","has-post-thumbnail","hentry","with-featured-image"],"_links":{"self":[{"href":"https:\/\/adaparentis.com\/index.php?rest_route=\/wp\/v2\/pages\/131","targetHints":{"allow":["GET"]}}],"collection":[{"href":"https:\/\/adaparentis.com\/index.php?rest_route=\/wp\/v2\/pages"}],"about":[{"href":"https:\/\/adaparentis.com\/index.php?rest_route=\/wp\/v2\/types\/page"}],"author":[{"embeddable":true,"href":"https:\/\/adaparentis.com\/index.php?rest_route=\/wp\/v2\/users\/1"}],"replies":[{"embeddable":true,"href":"https:\/\/adaparentis.com\/index.php?rest_route=%2Fwp%2Fv2%2Fcomments&post=131"}],"version-history":[{"count":5,"href":"https:\/\/adaparentis.com\/index.php?rest_route=\/wp\/v2\/pages\/131\/revisions"}],"predecessor-version":[{"id":147,"href":"https:\/\/adaparentis.com\/index.php?rest_route=\/wp\/v2\/pages\/131\/revisions\/147"}],"up":[{"embeddable":true,"href":"https:\/\/adaparentis.com\/index.php?rest_route=\/wp\/v2\/pages\/20"}],"wp:featuredmedia":[{"embeddable":true,"href":"https:\/\/adaparentis.com\/index.php?rest_route=\/wp\/v2\/media\/115"}],"wp:attachment":[{"href":"https:\/\/adaparentis.com\/index.php?rest_route=%2Fwp%2Fv2%2Fmedia&parent=131"}],"curies":[{"name":"wp","href":"https:\/\/api.w.org\/{rel}","templated":true}]}}